{"id":1,"date":"2014-10-14T18:49:03","date_gmt":"2014-10-14T16:49:03","guid":{"rendered":"http:\/\/clubbasquetbegues.wordpress.com\/?page_id=1"},"modified":"2019-10-04T00:36:41","modified_gmt":"2019-10-03T22:36:41","slug":"acerca-de","status":"publish","type":"page","link":"https:\/\/basquetbegues.cat\/?page_id=1","title":{"rendered":"Sobre nosaltres"},"content":{"rendered":"<p>El Club de B\u00e0squet Begues \u00e9s una entitat esportiva constitu\u00efda oficialment l&#8217;any 1977. Anteriorment era una secci\u00f3 del Club de Futbol Begues i no va ser fins aquest any que es va constituir com a entitat independent, dedicada exclusivament al b\u00e0squet i al poble de Begues.&nbsp;&nbsp;&nbsp; (&#8230;)<\/p>\n<blockquote><p><em>\u00abSegurament tot va comen\u00e7ar al coincidir tres amics enamorats de&nbsp;l&#8217;esport que, despr\u00e9s de passar unes temporades com a jugadors del&nbsp;Club de Futbol Begues (per\u00f2 que molt abans ja es trobaven al pati de&nbsp;les monges per jugar vint-i-uns en un camp de terra ), decideixen&nbsp;proposar la creaci\u00f3 d&#8217;una secci\u00f3 de b\u00e0squet dins del C.F.Begues i que&nbsp;<\/em><em>el juliol de 1977 queda constitu\u00efda com a tal. Inicialment amb un&nbsp;equip s\u00e8nior format a empentes i rodolons i amb moltes dificultats per&nbsp;crear un junior que s&#8217;ha d&#8217;anar a buscar al Col\u00b7legi Sant&nbsp;Lluis. Poc despr\u00e9s i amb molts d&#8217;esfor\u00e7 es consolida el s\u00e8nior i el junior ja amb jugadors del poble i els equips escolars.&nbsp;<\/em><\/p>\n<p><em>Al cap de deu anys de dedicaci\u00f3, entrega i treball, la pr\u00f2pia&nbsp;din\u00e0mica del projecte i sobretot l&#8217;empenta, la iniciativa i les ganes&nbsp;de fer cr\u00e9ixer el b\u00e0squet al nostre poble va portar a prendre la&nbsp;decisi\u00f3 de, per tal de poder centrar els esfor\u00e7os econ\u00f2mics i de tota&nbsp;mena, deixar de ser una secci\u00f3 i comen\u00e7ar a caminar i avan\u00e7ar com a&nbsp;<\/em><em>entitat pr\u00f2pia.<\/em><br \/>\n<em> El juliol de 1987 naixia el CLUB DE B\u00c0SQUET BEGUES&nbsp;I els tres amics que van fer possible que entre els pins de Begues&nbsp;naixessin dues cistelles de b\u00e0squet foren : el Tarin -Santi Tar\u00edn&nbsp;Puig- l&#8217;aut\u00e8ntic dinamitzador i motor de la idea i el projecte, el de&nbsp;Cal Pesca -Jaume Vi\u00f1as Pi- l&#8217;altre gran motor incansable i el de Cal&nbsp;Patxarino -Jep Vall\u00e8s Marc\u00e8- sempre a punt per donar un cop de m\u00e0.&nbsp;Per descomptat cal fer esment tamb\u00e9 de la import\u00e0ncia de totes les&nbsp;<\/em><em>persones que van col\u00b7laborar de forma decisiva a que el b\u00e0squet&nbsp;comenc\u00e9s el seu cam\u00ed en aquells inicis no gens f\u00e0cils i donar &nbsp;les gr\u00e0cies i el nostre agra\u00efment per fer-ho possible : els presidents&nbsp;del C.F.Begues : Jordi Guasch, Josep Tutusaus i Ramiro Pascual, els&nbsp;primers delegats : el Marti (Jaume Rabell) i el Cesc Herrero, els&nbsp;primers jugadors, els primers entrenadors i a tots els que han format&nbsp;part en alg\u00fan moment de la hist\u00f2ria del Club que s\u00f3n molts.&nbsp;<\/em><em>I aix\u00f2 continua.\u00bb<\/em><\/p>\n<p style=\"text-align: right;\">Jep Vall\u00e8s<\/p>\n<\/blockquote>\n<p><a href=\"https:\/\/clubbasquetbegues.files.wordpress.com\/2014\/11\/escanear0005.jpg\"><img loading=\"lazy\" decoding=\"async\" class=\" wp-image-384 aligncenter\" src=\"https:\/\/clubbasquetbegues.files.wordpress.com\/2014\/11\/escanear0005.jpg?w=300\" alt=\"escanear0005\" width=\"356\" height=\"242\"><\/a><\/p>\n<p>En aquesta p\u00e0gina web podr\u00e0s trobar fotografies dels inicis del club i veure com han anat canviat les instal\u00b7lacions, les vestimentes, i com ha evolucionat el b\u00e0squet en&nbsp;general i particularment al poble de Begues.<\/p>\n<p>Actualment, el Club est\u00e0 format per gaireb\u00e9 130 jugadors\/es que constitueixen un total de 12 equips federats, des dels m\u00e9s petits, l&#8217;Escola de b\u00e0squet, fins als s\u00e8niors femen\u00ed i mascul\u00ed. Tamb\u00e9 tenim l&#8217;equip SuperS\u00e8nior, un equip format per pares, mares i exjugadors, que es reuneixen tots el divendres per practicar el que m\u00e9s els hi agrada.<\/p>\n<p>En aquesta p\u00e0gina web, podreu trobar informaci\u00f3 de cada un d&#8217;aquests equips, horaris d&#8217;entrenaments i partits.<\/p>\n<p><a href=\"https:\/\/basquetbegues.cat\/wp-content\/uploads\/2014\/10\/club22.png\"><img loading=\"lazy\" decoding=\"async\" class=\" wp-image-1170 aligncenter\" src=\"https:\/\/basquetbegues.cat\/wp-content\/uploads\/2014\/10\/club22-300x99.png\" alt=\"club22\" width=\"527\" height=\"174\" srcset=\"https:\/\/basquetbegues.cat\/wp-content\/uploads\/2014\/10\/club22-300x99.png 300w, https:\/\/basquetbegues.cat\/wp-content\/uploads\/2014\/10\/club22-1024x338.png 1024w, https:\/\/basquetbegues.cat\/wp-content\/uploads\/2014\/10\/club22-912x301.png 912w, https:\/\/basquetbegues.cat\/wp-content\/uploads\/2014\/10\/club22.png 1677w\" sizes=\"(max-width: 527px) 100vw, 527px\" \/><\/a><\/p>\n<p>Com a Club i com a entitat esportiva tenim l&#8217;objectiu de formar jugadors\/es i sobretot persones. Persones amb valors, companyerisme, esportivitat, educaci\u00f3, persones amb ganes de aprendre i de millorar dia a dia.<\/p>\n<p>Si vols jugar amb nosaltres, o tindre m\u00e9s informaci\u00f3 sobre el Club de B\u00e0squet Begues, no dubtis en contactar amb nosaltres mitjan\u00e7ant tel\u00e8fon o correu electr\u00f2nic que trobar\u00e0s en aquesta web.<\/p>\n<p>&nbsp;<\/p>\n<p>C.B.Begues.<\/p>\n","protected":false},"excerpt":{"rendered":"<p>El Club de B\u00e0squet Begues \u00e9s una entitat esportiva constitu\u00efda oficialment l&#8217;any 1977. Anteriorment era una secci\u00f3 del Club de Futbol Begues i no va ser fins aquest any que es va constituir com a entitat independent, dedicada exclusivament al b\u00e0squet i al poble de Begues.&nbsp;&nbsp;&nbsp; (&#8230;) \u00abSegurament tot va comen\u00e7ar al coincidir tres amics [&hellip;]<\/p>\n","protected":false},"author":2,"featured_media":0,"parent":0,"menu_order":1,"comment_status":"closed","ping_status":"closed","template":"","meta":{"_mi_skip_tracking":false,"ngg_post_thumbnail":0,"footnotes":""},"yoast_head":"<!-- This site is optimized with the Yoast SEO plugin v18.3 - https:\/\/yoast.com\/wordpress\/plugins\/seo\/ -->\n<title>Sobre nosaltres - Club Basquet Begues<\/title>\n<meta name=\"robots\" content=\"index, follow, max-snippet:-1, max-image-preview:large, max-video-preview:-1\" \/>\n<link rel=\"canonical\" href=\"https:\/\/basquetbegues.cat\/?page_id=1\" \/>\n<meta property=\"og:locale\" content=\"es_ES\" \/>\n<meta property=\"og:type\" content=\"article\" \/>\n<meta property=\"og:title\" content=\"Sobre nosaltres - Club Basquet Begues\" \/>\n<meta property=\"og:description\" content=\"El Club de B\u00e0squet Begues \u00e9s una entitat esportiva constitu\u00efda oficialment l&#8217;any 1977. Anteriorment era una secci\u00f3 del Club de Futbol Begues i no va ser fins aquest any que es va constituir com a entitat independent, dedicada exclusivament al b\u00e0squet i al poble de Begues.&nbsp;&nbsp;&nbsp; (&#8230;) \u00abSegurament tot va comen\u00e7ar al coincidir tres amics [&hellip;]\" \/>\n<meta property=\"og:url\" content=\"https:\/\/basquetbegues.cat\/?page_id=1\" \/>\n<meta property=\"og:site_name\" content=\"Club Basquet Begues\" \/>\n<meta property=\"article:modified_time\" content=\"2019-10-03T22:36:41+00:00\" \/>\n<meta property=\"og:image\" content=\"https:\/\/clubbasquetbegues.files.wordpress.com\/2014\/11\/escanear0005.jpg?w=300\" \/>\n<meta name=\"twitter:card\" content=\"summary_large_image\" \/>\n<meta name=\"twitter:label1\" content=\"Tiempo de lectura\" \/>\n\t<meta name=\"twitter:data1\" content=\"3 minutos\" \/>\n<script type=\"application\/ld+json\" class=\"yoast-schema-graph\">{\"@context\":\"https:\/\/schema.org\",\"@graph\":[{\"@type\":\"Organization\",\"@id\":\"https:\/\/basquetbegues.cat\/#organization\",\"name\":\"Club Basquet Begues\",\"url\":\"https:\/\/basquetbegues.cat\/\",\"sameAs\":[],\"logo\":{\"@type\":\"ImageObject\",\"@id\":\"https:\/\/basquetbegues.cat\/#logo\",\"inLanguage\":\"es\",\"url\":\"https:\/\/basquetbegues.cat\/wp-content\/uploads\/2019\/07\/cropped-imatge-capcelera.png\",\"contentUrl\":\"https:\/\/basquetbegues.cat\/wp-content\/uploads\/2019\/07\/cropped-imatge-capcelera.png\",\"width\":960,\"height\":736,\"caption\":\"Club Basquet Begues\"},\"image\":{\"@id\":\"https:\/\/basquetbegues.cat\/#logo\"}},{\"@type\":\"WebSite\",\"@id\":\"https:\/\/basquetbegues.cat\/#website\",\"url\":\"https:\/\/basquetbegues.cat\/\",\"name\":\"Club Basquet Begues\",\"description\":\"La suma de tots \u00e9s m\u00e9s que molts.\",\"publisher\":{\"@id\":\"https:\/\/basquetbegues.cat\/#organization\"},\"potentialAction\":[{\"@type\":\"SearchAction\",\"target\":{\"@type\":\"EntryPoint\",\"urlTemplate\":\"https:\/\/basquetbegues.cat\/?s={search_term_string}\"},\"query-input\":\"required name=search_term_string\"}],\"inLanguage\":\"es\"},{\"@type\":\"ImageObject\",\"@id\":\"https:\/\/basquetbegues.cat\/?page_id=1#primaryimage\",\"inLanguage\":\"es\",\"url\":\"https:\/\/clubbasquetbegues.files.wordpress.com\/2014\/11\/escanear0005.jpg?w=300\",\"contentUrl\":\"https:\/\/clubbasquetbegues.files.wordpress.com\/2014\/11\/escanear0005.jpg?w=300\"},{\"@type\":\"WebPage\",\"@id\":\"https:\/\/basquetbegues.cat\/?page_id=1#webpage\",\"url\":\"https:\/\/basquetbegues.cat\/?page_id=1\",\"name\":\"Sobre nosaltres - Club Basquet Begues\",\"isPartOf\":{\"@id\":\"https:\/\/basquetbegues.cat\/#website\"},\"primaryImageOfPage\":{\"@id\":\"https:\/\/basquetbegues.cat\/?page_id=1#primaryimage\"},\"datePublished\":\"2014-10-14T16:49:03+00:00\",\"dateModified\":\"2019-10-03T22:36:41+00:00\",\"breadcrumb\":{\"@id\":\"https:\/\/basquetbegues.cat\/?page_id=1#breadcrumb\"},\"inLanguage\":\"es\",\"potentialAction\":[{\"@type\":\"ReadAction\",\"target\":[\"https:\/\/basquetbegues.cat\/?page_id=1\"]}]},{\"@type\":\"BreadcrumbList\",\"@id\":\"https:\/\/basquetbegues.cat\/?page_id=1#breadcrumb\",\"itemListElement\":[{\"@type\":\"ListItem\",\"position\":1,\"name\":\"Inici\",\"item\":\"https:\/\/basquetbegues.cat\/\"},{\"@type\":\"ListItem\",\"position\":2,\"name\":\"Sobre nosaltres\"}]}]}<\/script>\n<!-- \/ Yoast SEO plugin. -->","yoast_head_json":{"title":"Sobre nosaltres - Club Basquet Begues","robots":{"index":"index","follow":"follow","max-snippet":"max-snippet:-1","max-image-preview":"max-image-preview:large","max-video-preview":"max-video-preview:-1"},"canonical":"https:\/\/basquetbegues.cat\/?page_id=1","og_locale":"es_ES","og_type":"article","og_title":"Sobre nosaltres - Club Basquet Begues","og_description":"El Club de B\u00e0squet Begues \u00e9s una entitat esportiva constitu\u00efda oficialment l&#8217;any 1977. Anteriorment era una secci\u00f3 del Club de Futbol Begues i no va ser fins aquest any que es va constituir com a entitat independent, dedicada exclusivament al b\u00e0squet i al poble de Begues.&nbsp;&nbsp;&nbsp; (&#8230;) \u00abSegurament tot va comen\u00e7ar al coincidir tres amics [&hellip;]","og_url":"https:\/\/basquetbegues.cat\/?page_id=1","og_site_name":"Club Basquet Begues","article_modified_time":"2019-10-03T22:36:41+00:00","og_image":[{"url":"https:\/\/clubbasquetbegues.files.wordpress.com\/2014\/11\/escanear0005.jpg?w=300"}],"twitter_card":"summary_large_image","twitter_misc":{"Tiempo de lectura":"3 minutos"},"schema":{"@context":"https:\/\/schema.org","@graph":[{"@type":"Organization","@id":"https:\/\/basquetbegues.cat\/#organization","name":"Club Basquet Begues","url":"https:\/\/basquetbegues.cat\/","sameAs":[],"logo":{"@type":"ImageObject","@id":"https:\/\/basquetbegues.cat\/#logo","inLanguage":"es","url":"https:\/\/basquetbegues.cat\/wp-content\/uploads\/2019\/07\/cropped-imatge-capcelera.png","contentUrl":"https:\/\/basquetbegues.cat\/wp-content\/uploads\/2019\/07\/cropped-imatge-capcelera.png","width":960,"height":736,"caption":"Club Basquet Begues"},"image":{"@id":"https:\/\/basquetbegues.cat\/#logo"}},{"@type":"WebSite","@id":"https:\/\/basquetbegues.cat\/#website","url":"https:\/\/basquetbegues.cat\/","name":"Club Basquet Begues","description":"La suma de tots \u00e9s m\u00e9s que molts.","publisher":{"@id":"https:\/\/basquetbegues.cat\/#organization"},"potentialAction":[{"@type":"SearchAction","target":{"@type":"EntryPoint","urlTemplate":"https:\/\/basquetbegues.cat\/?s={search_term_string}"},"query-input":"required name=search_term_string"}],"inLanguage":"es"},{"@type":"ImageObject","@id":"https:\/\/basquetbegues.cat\/?page_id=1#primaryimage","inLanguage":"es","url":"https:\/\/clubbasquetbegues.files.wordpress.com\/2014\/11\/escanear0005.jpg?w=300","contentUrl":"https:\/\/clubbasquetbegues.files.wordpress.com\/2014\/11\/escanear0005.jpg?w=300"},{"@type":"WebPage","@id":"https:\/\/basquetbegues.cat\/?page_id=1#webpage","url":"https:\/\/basquetbegues.cat\/?page_id=1","name":"Sobre nosaltres - Club Basquet Begues","isPartOf":{"@id":"https:\/\/basquetbegues.cat\/#website"},"primaryImageOfPage":{"@id":"https:\/\/basquetbegues.cat\/?page_id=1#primaryimage"},"datePublished":"2014-10-14T16:49:03+00:00","dateModified":"2019-10-03T22:36:41+00:00","breadcrumb":{"@id":"https:\/\/basquetbegues.cat\/?page_id=1#breadcrumb"},"inLanguage":"es","potentialAction":[{"@type":"ReadAction","target":["https:\/\/basquetbegues.cat\/?page_id=1"]}]},{"@type":"BreadcrumbList","@id":"https:\/\/basquetbegues.cat\/?page_id=1#breadcrumb","itemListElement":[{"@type":"ListItem","position":1,"name":"Inici","item":"https:\/\/basquetbegues.cat\/"},{"@type":"ListItem","position":2,"name":"Sobre nosaltres"}]}]}},"_links":{"self":[{"href":"https:\/\/basquetbegues.cat\/index.php?rest_route=\/wp\/v2\/pages\/1"}],"collection":[{"href":"https:\/\/basquetbegues.cat\/index.php?rest_route=\/wp\/v2\/pages"}],"about":[{"href":"https:\/\/basquetbegues.cat\/index.php?rest_route=\/wp\/v2\/types\/page"}],"author":[{"embeddable":true,"href":"https:\/\/basquetbegues.cat\/index.php?rest_route=\/wp\/v2\/users\/2"}],"replies":[{"embeddable":true,"href":"https:\/\/basquetbegues.cat\/index.php?rest_route=%2Fwp%2Fv2%2Fcomments&post=1"}],"version-history":[{"count":11,"href":"https:\/\/basquetbegues.cat\/index.php?rest_route=\/wp\/v2\/pages\/1\/revisions"}],"predecessor-version":[{"id":5322,"href":"https:\/\/basquetbegues.cat\/index.php?rest_route=\/wp\/v2\/pages\/1\/revisions\/5322"}],"wp:attachment":[{"href":"https:\/\/basquetbegues.cat\/index.php?rest_route=%2Fwp%2Fv2%2Fmedia&parent=1"}],"curies":[{"name":"wp","href":"https:\/\/api.w.org\/{rel}","templated":true}]}}