{"id":12,"date":"2014-10-14T19:13:33","date_gmt":"2014-10-14T17:13:33","guid":{"rendered":"http:\/\/clubbasquetbegues.wordpress.com\/?page_id=12"},"modified":"2026-04-12T20:15:20","modified_gmt":"2026-04-12T18:15:20","slug":"horaris","status":"publish","type":"page","link":"https:\/\/basquetbegues.cat\/?page_id=12","title":{"rendered":"Horaris"},"content":{"rendered":"<h2 style=\"text-align: left;\"><em>Horaris Entrenaments<\/em><\/h2>\n<p>Horaris entrenaments temporada 2025-26.<\/p>\n<p>Els entrenaments comen\u00e7aran el dia 5 de Setembre.<\/p>\n<p>Categories:<\/p>\n<ul style=\"list-style-type: square;\">\n<li>Escola: &lt;2017<\/li>\n<li>Categoria promoci\u00f3:\n<ul style=\"list-style-type: square;\">\n<li>Premini: 2016-2017<\/li>\n<li>Mini: 2014-2015<\/li>\n<li>Infantil: 2012-2013<\/li>\n<li>Cadet: 2010-2011<\/li>\n<li>J\u00fanior: 2008-2009<\/li>\n<\/ul>\n<\/li>\n<\/ul>\n\n<a href=\"https:\/\/basquetbegues.cat\/wp-content\/uploads\/2026\/04\/Horaris-entrenaments-2025-26.pdf\" class=\"pdfemb-viewer\" style=\"\" data-width=\"max\" data-height=\"max\"  data-toolbar=\"bottom\" data-toolbar-fixed=\"off\">Horaris-entrenaments-2025-26<br\/><\/a>\n<p class=\"wp-block-pdfemb-pdf-embedder-viewer\"><\/p>\n","protected":false},"excerpt":{"rendered":"<p>Horaris Entrenaments Horaris entrenaments temporada 2025-26. Els entrenaments comen\u00e7aran el dia 5 de Setembre. Categories: Escola: &lt;2017 Categoria promoci\u00f3: Premini: 2016-2017 Mini: 2014-2015 Infantil: 2012-2013 Cadet: 2010-2011 J\u00fanior: 2008-2009<\/p>\n","protected":false},"author":2,"featured_media":0,"parent":0,"menu_order":3,"comment_status":"closed","ping_status":"closed","template":"","meta":{"_mi_skip_tracking":false,"ngg_post_thumbnail":0,"footnotes":""},"yoast_head":"<!-- This site is optimized with the Yoast SEO plugin v18.3 - https:\/\/yoast.com\/wordpress\/plugins\/seo\/ -->\n<title>Horaris - Club Basquet Begues<\/title>\n<meta name=\"robots\" content=\"index, follow, max-snippet:-1, max-image-preview:large, max-video-preview:-1\" \/>\n<link rel=\"canonical\" href=\"https:\/\/basquetbegues.cat\/?page_id=12\" \/>\n<meta property=\"og:locale\" content=\"es_ES\" \/>\n<meta property=\"og:type\" content=\"article\" \/>\n<meta property=\"og:title\" content=\"Horaris - Club Basquet Begues\" \/>\n<meta property=\"og:description\" content=\"Horaris Entrenaments Horaris entrenaments temporada 2025-26. Els entrenaments comen\u00e7aran el dia 5 de Setembre. Categories: Escola: &lt;2017 Categoria promoci\u00f3: Premini: 2016-2017 Mini: 2014-2015 Infantil: 2012-2013 Cadet: 2010-2011 J\u00fanior: 2008-2009\" \/>\n<meta property=\"og:url\" content=\"https:\/\/basquetbegues.cat\/?page_id=12\" \/>\n<meta property=\"og:site_name\" content=\"Club Basquet Begues\" \/>\n<meta property=\"article:modified_time\" content=\"2026-04-12T18:15:20+00:00\" \/>\n<meta name=\"twitter:card\" content=\"summary_large_image\" \/>\n<meta name=\"twitter:label1\" content=\"Tiempo de lectura\" \/>\n\t<meta name=\"twitter:data1\" content=\"1 minuto\" \/>\n<script type=\"application\/ld+json\" class=\"yoast-schema-graph\">{\"@context\":\"https:\/\/schema.org\",\"@graph\":[{\"@type\":\"Organization\",\"@id\":\"https:\/\/basquetbegues.cat\/#organization\",\"name\":\"Club Basquet Begues\",\"url\":\"https:\/\/basquetbegues.cat\/\",\"sameAs\":[],\"logo\":{\"@type\":\"ImageObject\",\"@id\":\"https:\/\/basquetbegues.cat\/#logo\",\"inLanguage\":\"es\",\"url\":\"https:\/\/basquetbegues.cat\/wp-content\/uploads\/2019\/07\/cropped-imatge-capcelera.png\",\"contentUrl\":\"https:\/\/basquetbegues.cat\/wp-content\/uploads\/2019\/07\/cropped-imatge-capcelera.png\",\"width\":960,\"height\":736,\"caption\":\"Club Basquet Begues\"},\"image\":{\"@id\":\"https:\/\/basquetbegues.cat\/#logo\"}},{\"@type\":\"WebSite\",\"@id\":\"https:\/\/basquetbegues.cat\/#website\",\"url\":\"https:\/\/basquetbegues.cat\/\",\"name\":\"Club Basquet Begues\",\"description\":\"La suma de tots \u00e9s m\u00e9s que molts.\",\"publisher\":{\"@id\":\"https:\/\/basquetbegues.cat\/#organization\"},\"potentialAction\":[{\"@type\":\"SearchAction\",\"target\":{\"@type\":\"EntryPoint\",\"urlTemplate\":\"https:\/\/basquetbegues.cat\/?s={search_term_string}\"},\"query-input\":\"required name=search_term_string\"}],\"inLanguage\":\"es\"},{\"@type\":\"WebPage\",\"@id\":\"https:\/\/basquetbegues.cat\/?page_id=12#webpage\",\"url\":\"https:\/\/basquetbegues.cat\/?page_id=12\",\"name\":\"Horaris - Club Basquet Begues\",\"isPartOf\":{\"@id\":\"https:\/\/basquetbegues.cat\/#website\"},\"datePublished\":\"2014-10-14T17:13:33+00:00\",\"dateModified\":\"2026-04-12T18:15:20+00:00\",\"breadcrumb\":{\"@id\":\"https:\/\/basquetbegues.cat\/?page_id=12#breadcrumb\"},\"inLanguage\":\"es\",\"potentialAction\":[{\"@type\":\"ReadAction\",\"target\":[\"https:\/\/basquetbegues.cat\/?page_id=12\"]}]},{\"@type\":\"BreadcrumbList\",\"@id\":\"https:\/\/basquetbegues.cat\/?page_id=12#breadcrumb\",\"itemListElement\":[{\"@type\":\"ListItem\",\"position\":1,\"name\":\"Inici\",\"item\":\"https:\/\/basquetbegues.cat\/\"},{\"@type\":\"ListItem\",\"position\":2,\"name\":\"Horaris\"}]}]}<\/script>\n<!-- \/ Yoast SEO plugin. -->","yoast_head_json":{"title":"Horaris - Club Basquet Begues","robots":{"index":"index","follow":"follow","max-snippet":"max-snippet:-1","max-image-preview":"max-image-preview:large","max-video-preview":"max-video-preview:-1"},"canonical":"https:\/\/basquetbegues.cat\/?page_id=12","og_locale":"es_ES","og_type":"article","og_title":"Horaris - Club Basquet Begues","og_description":"Horaris Entrenaments Horaris entrenaments temporada 2025-26. Els entrenaments comen\u00e7aran el dia 5 de Setembre. Categories: Escola: &lt;2017 Categoria promoci\u00f3: Premini: 2016-2017 Mini: 2014-2015 Infantil: 2012-2013 Cadet: 2010-2011 J\u00fanior: 2008-2009","og_url":"https:\/\/basquetbegues.cat\/?page_id=12","og_site_name":"Club Basquet Begues","article_modified_time":"2026-04-12T18:15:20+00:00","twitter_card":"summary_large_image","twitter_misc":{"Tiempo de lectura":"1 minuto"},"schema":{"@context":"https:\/\/schema.org","@graph":[{"@type":"Organization","@id":"https:\/\/basquetbegues.cat\/#organization","name":"Club Basquet Begues","url":"https:\/\/basquetbegues.cat\/","sameAs":[],"logo":{"@type":"ImageObject","@id":"https:\/\/basquetbegues.cat\/#logo","inLanguage":"es","url":"https:\/\/basquetbegues.cat\/wp-content\/uploads\/2019\/07\/cropped-imatge-capcelera.png","contentUrl":"https:\/\/basquetbegues.cat\/wp-content\/uploads\/2019\/07\/cropped-imatge-capcelera.png","width":960,"height":736,"caption":"Club Basquet Begues"},"image":{"@id":"https:\/\/basquetbegues.cat\/#logo"}},{"@type":"WebSite","@id":"https:\/\/basquetbegues.cat\/#website","url":"https:\/\/basquetbegues.cat\/","name":"Club Basquet Begues","description":"La suma de tots \u00e9s m\u00e9s que molts.","publisher":{"@id":"https:\/\/basquetbegues.cat\/#organization"},"potentialAction":[{"@type":"SearchAction","target":{"@type":"EntryPoint","urlTemplate":"https:\/\/basquetbegues.cat\/?s={search_term_string}"},"query-input":"required name=search_term_string"}],"inLanguage":"es"},{"@type":"WebPage","@id":"https:\/\/basquetbegues.cat\/?page_id=12#webpage","url":"https:\/\/basquetbegues.cat\/?page_id=12","name":"Horaris - Club Basquet Begues","isPartOf":{"@id":"https:\/\/basquetbegues.cat\/#website"},"datePublished":"2014-10-14T17:13:33+00:00","dateModified":"2026-04-12T18:15:20+00:00","breadcrumb":{"@id":"https:\/\/basquetbegues.cat\/?page_id=12#breadcrumb"},"inLanguage":"es","potentialAction":[{"@type":"ReadAction","target":["https:\/\/basquetbegues.cat\/?page_id=12"]}]},{"@type":"BreadcrumbList","@id":"https:\/\/basquetbegues.cat\/?page_id=12#breadcrumb","itemListElement":[{"@type":"ListItem","position":1,"name":"Inici","item":"https:\/\/basquetbegues.cat\/"},{"@type":"ListItem","position":2,"name":"Horaris"}]}]}},"_links":{"self":[{"href":"https:\/\/basquetbegues.cat\/index.php?rest_route=\/wp\/v2\/pages\/12"}],"collection":[{"href":"https:\/\/basquetbegues.cat\/index.php?rest_route=\/wp\/v2\/pages"}],"about":[{"href":"https:\/\/basquetbegues.cat\/index.php?rest_route=\/wp\/v2\/types\/page"}],"author":[{"embeddable":true,"href":"https:\/\/basquetbegues.cat\/index.php?rest_route=\/wp\/v2\/users\/2"}],"replies":[{"embeddable":true,"href":"https:\/\/basquetbegues.cat\/index.php?rest_route=%2Fwp%2Fv2%2Fcomments&post=12"}],"version-history":[{"count":69,"href":"https:\/\/basquetbegues.cat\/index.php?rest_route=\/wp\/v2\/pages\/12\/revisions"}],"predecessor-version":[{"id":11223,"href":"https:\/\/basquetbegues.cat\/index.php?rest_route=\/wp\/v2\/pages\/12\/revisions\/11223"}],"wp:attachment":[{"href":"https:\/\/basquetbegues.cat\/index.php?rest_route=%2Fwp%2Fv2%2Fmedia&parent=12"}],"curies":[{"name":"wp","href":"https:\/\/api.w.org\/{rel}","templated":true}]}}