{"id":6522,"date":"2019-11-13T15:55:28","date_gmt":"2019-11-13T14:55:28","guid":{"rendered":"https:\/\/basquetbegues.cat\/?page_id=6522"},"modified":"2019-11-13T16:01:57","modified_gmt":"2019-11-13T15:01:57","slug":"urgencia-no-federats","status":"publish","type":"page","link":"https:\/\/basquetbegues.cat\/?page_id=6522","title":{"rendered":"\u00daRGENCIA &#8211; NO FEDERATS"},"content":{"rendered":"\n<p> Donat que en el Club B\u00e0squet Begues tenim varies persones que practiquen esport a les nostres insta\u00b7lacions sense tenir fitxa federativa ( que inclou asseguran\u00e7a m\u00e9dica) des del Club Begues hem contractat una asseguran\u00e7a amb MGS&nbsp; ( <strong><a href=\"https:\/\/basquetbegues.cat\/wp-content\/uploads\/2019\/11\/P\u00f2lissa-Acc.-CLUB-B\u00c0SQUET-BEGUES-1.pdf\" target=\"_blank\" rel=\"noreferrer noopener\" aria-label=\" (opens in a new tab)\">P\u00f2lissa-Acc.-CLUB-B\u00c0SQUET-BEGUES<\/a><\/strong> ) per cobrir qualsevol eventualitat dels seg\u00fcents col\u00b7lectius: <\/p>\n\n\n\n<ul><li>Jugador\/es que venen a probar. Dintre dels 15 dies de marge que s&#8217;han acordat per tal de decidir si vol continuar o no jugant.<\/li><li>Jugadors que entrenen pero no competeixen<\/li><li>Supers\u00e9niors <\/li><\/ul>\n\n\n\n<p><strong>PROTOCOL D&#8217;ACTUACI\u00d3 EN CAS D&#8217;URG\u00c8NCIA:<\/strong>    (<em><strong><a rel=\"noreferrer noopener\" aria-label=\" (opens in a new tab)\" href=\"https:\/\/basquetbegues.cat\/wp-content\/uploads\/2019\/11\/NOU-PROTOCOL-ACC.-M-G-S-1.pdf\" target=\"_blank\">NOU-PROTOCOL-ACC.-M-G-S<\/a><\/strong><\/em>)<\/p>\n\n\n\n<ul><li>En el cas d\u2019urg\u00e8ncia s&#8217; ha de comunicar a qualsevol membre de la junta del club l&#8217;accident per tal que des del club es faci el comunicat d\u2019accident corresponent.<\/li><li>Seguidament trucar al <strong>902.120.863<\/strong> o b\u00e9 al <strong>91.757 24 04<\/strong> indicant el n\u00famero de p\u00f2lissa <strong>51368644<\/strong>, on l\u2019indicaran el centre m\u00e8dic concertat m\u00e9s proper al qual adre\u00e7ar-se per tal de rebre l\u2019assist\u00e8ncia m\u00e8dica. <\/li><li>Un cop rebuda l\u2019assist\u00e8ncia s&#8217;ha d\u2019enviar el comunicat juntament amb l\u2019informe m\u00e8dic al correu electr\u00f2nic del club: <strong>basquetbegues@gmail.com<\/strong>.<\/li><li>El comunicat d\u2019accident el fa el club i l\u2019envia el club.  (<a href=\"https:\/\/basquetbegues.cat\/wp-content\/uploads\/2019\/11\/NOU-COMUNICAT-ACCIDENTS-M-G-S-3.pdf\"><strong>NOU-COMUNICAT-<\/strong><\/a><strong><a href=\"https:\/\/basquetbegues.cat\/wp-content\/uploads\/2019\/11\/NOU-COMUNICAT-ACCIDENTS-M-G-S-3.pdf\" target=\"_blank\" rel=\"noreferrer noopener\" aria-label=\"ACCIDENTS (opens in a new tab)\">ACCIDENTS<\/a><\/strong><a href=\"https:\/\/basquetbegues.cat\/wp-content\/uploads\/2019\/11\/NOU-COMUNICAT-ACCIDENTS-M-G-S-3.pdf\"><strong>-M-G-S<\/strong><\/a><strong>)<\/strong><\/li><li>L&#8217;accident ha de ser comunicat en un termini m\u00e0xim de set dies a la data de l&#8217;accident perqu\u00e8 la companyia l&#8217;accepti.<\/li><\/ul>\n","protected":false},"excerpt":{"rendered":"<p>Donat que en el Club B\u00e0squet Begues tenim varies persones que practiquen esport a les nostres insta\u00b7lacions sense tenir fitxa federativa ( que inclou asseguran\u00e7a m\u00e9dica) des del Club Begues hem contractat una asseguran\u00e7a amb MGS&nbsp; ( P\u00f2lissa-Acc.-CLUB-B\u00c0SQUET-BEGUES ) per cobrir qualsevol eventualitat dels seg\u00fcents col\u00b7lectius: Jugador\/es que venen a probar. Dintre dels 15 dies [&hellip;]<\/p>\n","protected":false},"author":1,"featured_media":0,"parent":6545,"menu_order":0,"comment_status":"closed","ping_status":"closed","template":"","meta":{"_mi_skip_tracking":false,"ngg_post_thumbnail":0,"footnotes":""},"yoast_head":"<!-- This site is optimized with the Yoast SEO plugin v18.3 - https:\/\/yoast.com\/wordpress\/plugins\/seo\/ -->\n<title>\u00daRGENCIA - NO FEDERATS - Club Basquet Begues<\/title>\n<meta name=\"robots\" content=\"index, follow, max-snippet:-1, max-image-preview:large, max-video-preview:-1\" \/>\n<link rel=\"canonical\" href=\"https:\/\/basquetbegues.cat\/?page_id=6522\" \/>\n<meta property=\"og:locale\" content=\"es_ES\" \/>\n<meta property=\"og:type\" content=\"article\" \/>\n<meta property=\"og:title\" content=\"\u00daRGENCIA - NO FEDERATS - Club Basquet Begues\" \/>\n<meta property=\"og:description\" content=\"Donat que en el Club B\u00e0squet Begues tenim varies persones que practiquen esport a les nostres insta\u00b7lacions sense tenir fitxa federativa ( que inclou asseguran\u00e7a m\u00e9dica) des del Club Begues hem contractat una asseguran\u00e7a amb MGS&nbsp; ( P\u00f2lissa-Acc.-CLUB-B\u00c0SQUET-BEGUES ) per cobrir qualsevol eventualitat dels seg\u00fcents col\u00b7lectius: Jugador\/es que venen a probar. Dintre dels 15 dies [&hellip;]\" \/>\n<meta property=\"og:url\" content=\"https:\/\/basquetbegues.cat\/?page_id=6522\" \/>\n<meta property=\"og:site_name\" content=\"Club Basquet Begues\" \/>\n<meta property=\"article:modified_time\" content=\"2019-11-13T15:01:57+00:00\" \/>\n<meta name=\"twitter:card\" content=\"summary_large_image\" \/>\n<meta name=\"twitter:label1\" content=\"Tiempo de lectura\" \/>\n\t<meta name=\"twitter:data1\" content=\"1 minuto\" \/>\n<script type=\"application\/ld+json\" class=\"yoast-schema-graph\">{\"@context\":\"https:\/\/schema.org\",\"@graph\":[{\"@type\":\"Organization\",\"@id\":\"https:\/\/basquetbegues.cat\/#organization\",\"name\":\"Club Basquet Begues\",\"url\":\"https:\/\/basquetbegues.cat\/\",\"sameAs\":[],\"logo\":{\"@type\":\"ImageObject\",\"@id\":\"https:\/\/basquetbegues.cat\/#logo\",\"inLanguage\":\"es\",\"url\":\"https:\/\/basquetbegues.cat\/wp-content\/uploads\/2019\/07\/cropped-imatge-capcelera.png\",\"contentUrl\":\"https:\/\/basquetbegues.cat\/wp-content\/uploads\/2019\/07\/cropped-imatge-capcelera.png\",\"width\":960,\"height\":736,\"caption\":\"Club Basquet Begues\"},\"image\":{\"@id\":\"https:\/\/basquetbegues.cat\/#logo\"}},{\"@type\":\"WebSite\",\"@id\":\"https:\/\/basquetbegues.cat\/#website\",\"url\":\"https:\/\/basquetbegues.cat\/\",\"name\":\"Club Basquet Begues\",\"description\":\"La suma de tots \u00e9s m\u00e9s que molts.\",\"publisher\":{\"@id\":\"https:\/\/basquetbegues.cat\/#organization\"},\"potentialAction\":[{\"@type\":\"SearchAction\",\"target\":{\"@type\":\"EntryPoint\",\"urlTemplate\":\"https:\/\/basquetbegues.cat\/?s={search_term_string}\"},\"query-input\":\"required name=search_term_string\"}],\"inLanguage\":\"es\"},{\"@type\":\"WebPage\",\"@id\":\"https:\/\/basquetbegues.cat\/?page_id=6522#webpage\",\"url\":\"https:\/\/basquetbegues.cat\/?page_id=6522\",\"name\":\"\u00daRGENCIA - NO FEDERATS - Club Basquet Begues\",\"isPartOf\":{\"@id\":\"https:\/\/basquetbegues.cat\/#website\"},\"datePublished\":\"2019-11-13T14:55:28+00:00\",\"dateModified\":\"2019-11-13T15:01:57+00:00\",\"breadcrumb\":{\"@id\":\"https:\/\/basquetbegues.cat\/?page_id=6522#breadcrumb\"},\"inLanguage\":\"es\",\"potentialAction\":[{\"@type\":\"ReadAction\",\"target\":[\"https:\/\/basquetbegues.cat\/?page_id=6522\"]}]},{\"@type\":\"BreadcrumbList\",\"@id\":\"https:\/\/basquetbegues.cat\/?page_id=6522#breadcrumb\",\"itemListElement\":[{\"@type\":\"ListItem\",\"position\":1,\"name\":\"Inici\",\"item\":\"https:\/\/basquetbegues.cat\/\"},{\"@type\":\"ListItem\",\"position\":2,\"name\":\"Protocol de lesi\u00f3\",\"item\":\"https:\/\/basquetbegues.cat\/?page_id=6545\"},{\"@type\":\"ListItem\",\"position\":3,\"name\":\"\u00daRGENCIA &#8211; NO FEDERATS\"}]}]}<\/script>\n<!-- \/ Yoast SEO plugin. -->","yoast_head_json":{"title":"\u00daRGENCIA - NO FEDERATS - Club Basquet Begues","robots":{"index":"index","follow":"follow","max-snippet":"max-snippet:-1","max-image-preview":"max-image-preview:large","max-video-preview":"max-video-preview:-1"},"canonical":"https:\/\/basquetbegues.cat\/?page_id=6522","og_locale":"es_ES","og_type":"article","og_title":"\u00daRGENCIA - NO FEDERATS - Club Basquet Begues","og_description":"Donat que en el Club B\u00e0squet Begues tenim varies persones que practiquen esport a les nostres insta\u00b7lacions sense tenir fitxa federativa ( que inclou asseguran\u00e7a m\u00e9dica) des del Club Begues hem contractat una asseguran\u00e7a amb MGS&nbsp; ( P\u00f2lissa-Acc.-CLUB-B\u00c0SQUET-BEGUES ) per cobrir qualsevol eventualitat dels seg\u00fcents col\u00b7lectius: Jugador\/es que venen a probar. Dintre dels 15 dies [&hellip;]","og_url":"https:\/\/basquetbegues.cat\/?page_id=6522","og_site_name":"Club Basquet Begues","article_modified_time":"2019-11-13T15:01:57+00:00","twitter_card":"summary_large_image","twitter_misc":{"Tiempo de lectura":"1 minuto"},"schema":{"@context":"https:\/\/schema.org","@graph":[{"@type":"Organization","@id":"https:\/\/basquetbegues.cat\/#organization","name":"Club Basquet Begues","url":"https:\/\/basquetbegues.cat\/","sameAs":[],"logo":{"@type":"ImageObject","@id":"https:\/\/basquetbegues.cat\/#logo","inLanguage":"es","url":"https:\/\/basquetbegues.cat\/wp-content\/uploads\/2019\/07\/cropped-imatge-capcelera.png","contentUrl":"https:\/\/basquetbegues.cat\/wp-content\/uploads\/2019\/07\/cropped-imatge-capcelera.png","width":960,"height":736,"caption":"Club Basquet Begues"},"image":{"@id":"https:\/\/basquetbegues.cat\/#logo"}},{"@type":"WebSite","@id":"https:\/\/basquetbegues.cat\/#website","url":"https:\/\/basquetbegues.cat\/","name":"Club Basquet Begues","description":"La suma de tots \u00e9s m\u00e9s que molts.","publisher":{"@id":"https:\/\/basquetbegues.cat\/#organization"},"potentialAction":[{"@type":"SearchAction","target":{"@type":"EntryPoint","urlTemplate":"https:\/\/basquetbegues.cat\/?s={search_term_string}"},"query-input":"required name=search_term_string"}],"inLanguage":"es"},{"@type":"WebPage","@id":"https:\/\/basquetbegues.cat\/?page_id=6522#webpage","url":"https:\/\/basquetbegues.cat\/?page_id=6522","name":"\u00daRGENCIA - NO FEDERATS - Club Basquet Begues","isPartOf":{"@id":"https:\/\/basquetbegues.cat\/#website"},"datePublished":"2019-11-13T14:55:28+00:00","dateModified":"2019-11-13T15:01:57+00:00","breadcrumb":{"@id":"https:\/\/basquetbegues.cat\/?page_id=6522#breadcrumb"},"inLanguage":"es","potentialAction":[{"@type":"ReadAction","target":["https:\/\/basquetbegues.cat\/?page_id=6522"]}]},{"@type":"BreadcrumbList","@id":"https:\/\/basquetbegues.cat\/?page_id=6522#breadcrumb","itemListElement":[{"@type":"ListItem","position":1,"name":"Inici","item":"https:\/\/basquetbegues.cat\/"},{"@type":"ListItem","position":2,"name":"Protocol de lesi\u00f3","item":"https:\/\/basquetbegues.cat\/?page_id=6545"},{"@type":"ListItem","position":3,"name":"\u00daRGENCIA &#8211; NO FEDERATS"}]}]}},"_links":{"self":[{"href":"https:\/\/basquetbegues.cat\/index.php?rest_route=\/wp\/v2\/pages\/6522"}],"collection":[{"href":"https:\/\/basquetbegues.cat\/index.php?rest_route=\/wp\/v2\/pages"}],"about":[{"href":"https:\/\/basquetbegues.cat\/index.php?rest_route=\/wp\/v2\/types\/page"}],"author":[{"embeddable":true,"href":"https:\/\/basquetbegues.cat\/index.php?rest_route=\/wp\/v2\/users\/1"}],"replies":[{"embeddable":true,"href":"https:\/\/basquetbegues.cat\/index.php?rest_route=%2Fwp%2Fv2%2Fcomments&post=6522"}],"version-history":[{"count":13,"href":"https:\/\/basquetbegues.cat\/index.php?rest_route=\/wp\/v2\/pages\/6522\/revisions"}],"predecessor-version":[{"id":6544,"href":"https:\/\/basquetbegues.cat\/index.php?rest_route=\/wp\/v2\/pages\/6522\/revisions\/6544"}],"up":[{"embeddable":true,"href":"https:\/\/basquetbegues.cat\/index.php?rest_route=\/wp\/v2\/pages\/6545"}],"wp:attachment":[{"href":"https:\/\/basquetbegues.cat\/index.php?rest_route=%2Fwp%2Fv2%2Fmedia&parent=6522"}],"curies":[{"name":"wp","href":"https:\/\/api.w.org\/{rel}","templated":true}]}}