{"id":705,"date":"2014-11-24T19:53:07","date_gmt":"2014-11-24T18:53:07","guid":{"rendered":"http:\/\/clubbasquetbegues.wordpress.com\/?page_id=705"},"modified":"2016-08-19T11:32:13","modified_gmt":"2016-08-19T09:32:13","slug":"inaguracio-pavello-jaume-vinas-pi","status":"publish","type":"page","link":"https:\/\/basquetbegues.cat\/?page_id=705","title":{"rendered":"Inaguraci\u00f3 Pavell\u00f3 Jaume Vi\u00f1as Pi (26\/11\/2005)"},"content":{"rendered":"\n\t\t<style type=\"text\/css\">\n\t\t\t#gallery-1 {\n\t\t\t\tmargin: auto;\n\t\t\t}\n\t\t\t#gallery-1 .gallery-item {\n\t\t\t\tfloat: left;\n\t\t\t\tmargin-top: 10px;\n\t\t\t\ttext-align: center;\n\t\t\t\twidth: 33%;\n\t\t\t}\n\t\t\t#gallery-1 img {\n\t\t\t\tborder: 2px solid #cfcfcf;\n\t\t\t}\n\t\t\t#gallery-1 .gallery-caption {\n\t\t\t\tmargin-left: 0;\n\t\t\t}\n\t\t\t\/* see gallery_shortcode() in wp-includes\/media.php *\/\n\t\t<\/style>\n\t\t<div id='gallery-1' class='gallery galleryid-705 gallery-columns-3 gallery-size-thumbnail'><dl class='gallery-item'>\n\t\t\t<dt class='gallery-icon landscape'>\n\t\t\t\t<a href='https:\/\/basquetbegues.cat\/?attachment_id=972#main'><img loading=\"lazy\" decoding=\"async\" width=\"150\" height=\"150\" src=\"https:\/\/basquetbegues.cat\/wp-content\/uploads\/2014\/11\/DSC05745-150x150.jpg\" class=\"attachment-thumbnail size-thumbnail\" alt=\"\" \/><\/a>\n\t\t\t<\/dt><\/dl><dl class='gallery-item'>\n\t\t\t<dt class='gallery-icon landscape'>\n\t\t\t\t<a href='https:\/\/basquetbegues.cat\/?attachment_id=973#main'><img loading=\"lazy\" decoding=\"async\" width=\"150\" height=\"150\" src=\"https:\/\/basquetbegues.cat\/wp-content\/uploads\/2014\/11\/DSC05746-150x150.jpg\" class=\"attachment-thumbnail size-thumbnail\" alt=\"\" \/><\/a>\n\t\t\t<\/dt><\/dl><dl class='gallery-item'>\n\t\t\t<dt class='gallery-icon portrait'>\n\t\t\t\t<a href='https:\/\/basquetbegues.cat\/?attachment_id=969#main'><img loading=\"lazy\" decoding=\"async\" width=\"150\" height=\"150\" src=\"https:\/\/basquetbegues.cat\/wp-content\/uploads\/2014\/11\/DSC05742-150x150.jpg\" class=\"attachment-thumbnail size-thumbnail\" alt=\"\" \/><\/a>\n\t\t\t<\/dt><\/dl><br style=\"clear: both\" \/><dl class='gallery-item'>\n\t\t\t<dt class='gallery-icon landscape'>\n\t\t\t\t<a href='https:\/\/basquetbegues.cat\/?attachment_id=949#main'><img loading=\"lazy\" decoding=\"async\" width=\"150\" height=\"150\" src=\"https:\/\/basquetbegues.cat\/wp-content\/uploads\/2014\/11\/DSC057211-150x150.jpg\" class=\"attachment-thumbnail size-thumbnail\" alt=\"\" \/><\/a>\n\t\t\t<\/dt><\/dl><dl class='gallery-item'>\n\t\t\t<dt class='gallery-icon landscape'>\n\t\t\t\t<a href='https:\/\/basquetbegues.cat\/?attachment_id=971#main'><img loading=\"lazy\" decoding=\"async\" width=\"150\" height=\"150\" src=\"https:\/\/basquetbegues.cat\/wp-content\/uploads\/2014\/11\/DSC05744-150x150.jpg\" class=\"attachment-thumbnail size-thumbnail\" alt=\"\" \/><\/a>\n\t\t\t<\/dt><\/dl><dl class='gallery-item'>\n\t\t\t<dt class='gallery-icon portrait'>\n\t\t\t\t<a href='https:\/\/basquetbegues.cat\/?attachment_id=970#main'><img loading=\"lazy\" decoding=\"async\" width=\"150\" height=\"150\" src=\"https:\/\/basquetbegues.cat\/wp-content\/uploads\/2014\/11\/DSC05743-150x150.jpg\" class=\"attachment-thumbnail size-thumbnail\" alt=\"\" \/><\/a>\n\t\t\t<\/dt><\/dl><br style=\"clear: both\" \/><dl class='gallery-item'>\n\t\t\t<dt class='gallery-icon portrait'>\n\t\t\t\t<a href='https:\/\/basquetbegues.cat\/?attachment_id=963#main'><img loading=\"lazy\" decoding=\"async\" width=\"150\" height=\"150\" src=\"https:\/\/basquetbegues.cat\/wp-content\/uploads\/2014\/11\/DSC05735-150x150.jpg\" class=\"attachment-thumbnail size-thumbnail\" alt=\"\" \/><\/a>\n\t\t\t<\/dt><\/dl><dl class='gallery-item'>\n\t\t\t<dt class='gallery-icon landscape'>\n\t\t\t\t<a href='https:\/\/basquetbegues.cat\/?attachment_id=964#main'><img loading=\"lazy\" decoding=\"async\" width=\"150\" height=\"150\" src=\"https:\/\/basquetbegues.cat\/wp-content\/uploads\/2014\/11\/DSC05737-150x150.jpg\" class=\"attachment-thumbnail size-thumbnail\" alt=\"\" \/><\/a>\n\t\t\t<\/dt><\/dl><dl class='gallery-item'>\n\t\t\t<dt class='gallery-icon landscape'>\n\t\t\t\t<a href='https:\/\/basquetbegues.cat\/?attachment_id=950#main'><img loading=\"lazy\" decoding=\"async\" width=\"150\" height=\"150\" src=\"https:\/\/basquetbegues.cat\/wp-content\/uploads\/2014\/11\/DSC057221-150x150.jpg\" class=\"attachment-thumbnail size-thumbnail\" alt=\"\" \/><\/a>\n\t\t\t<\/dt><\/dl><br style=\"clear: both\" \/><dl class='gallery-item'>\n\t\t\t<dt class='gallery-icon landscape'>\n\t\t\t\t<a href='https:\/\/basquetbegues.cat\/?attachment_id=951#main'><img loading=\"lazy\" decoding=\"async\" width=\"150\" height=\"150\" src=\"https:\/\/basquetbegues.cat\/wp-content\/uploads\/2014\/11\/DSC057231-150x150.jpg\" class=\"attachment-thumbnail size-thumbnail\" alt=\"\" \/><\/a>\n\t\t\t<\/dt><\/dl><dl class='gallery-item'>\n\t\t\t<dt class='gallery-icon landscape'>\n\t\t\t\t<a href='https:\/\/basquetbegues.cat\/?attachment_id=952#main'><img loading=\"lazy\" decoding=\"async\" width=\"150\" height=\"150\" src=\"https:\/\/basquetbegues.cat\/wp-content\/uploads\/2014\/11\/DSC057241-150x150.jpg\" class=\"attachment-thumbnail size-thumbnail\" alt=\"\" \/><\/a>\n\t\t\t<\/dt><\/dl><dl class='gallery-item'>\n\t\t\t<dt class='gallery-icon landscape'>\n\t\t\t\t<a href='https:\/\/basquetbegues.cat\/?attachment_id=953#main'><img loading=\"lazy\" decoding=\"async\" width=\"150\" height=\"150\" src=\"https:\/\/basquetbegues.cat\/wp-content\/uploads\/2014\/11\/DSC057251-150x150.jpg\" class=\"attachment-thumbnail size-thumbnail\" alt=\"\" \/><\/a>\n\t\t\t<\/dt><\/dl><br style=\"clear: both\" \/><dl class='gallery-item'>\n\t\t\t<dt class='gallery-icon landscape'>\n\t\t\t\t<a href='https:\/\/basquetbegues.cat\/?attachment_id=954#main'><img loading=\"lazy\" decoding=\"async\" width=\"150\" height=\"150\" src=\"https:\/\/basquetbegues.cat\/wp-content\/uploads\/2014\/11\/DSC05726-150x150.jpg\" class=\"attachment-thumbnail size-thumbnail\" alt=\"\" \/><\/a>\n\t\t\t<\/dt><\/dl><dl class='gallery-item'>\n\t\t\t<dt class='gallery-icon landscape'>\n\t\t\t\t<a href='https:\/\/basquetbegues.cat\/?attachment_id=955#main'><img loading=\"lazy\" decoding=\"async\" width=\"150\" height=\"150\" src=\"https:\/\/basquetbegues.cat\/wp-content\/uploads\/2014\/11\/DSC05727-150x150.jpg\" class=\"attachment-thumbnail size-thumbnail\" alt=\"\" \/><\/a>\n\t\t\t<\/dt><\/dl><dl class='gallery-item'>\n\t\t\t<dt class='gallery-icon landscape'>\n\t\t\t\t<a href='https:\/\/basquetbegues.cat\/?attachment_id=956#main'><img loading=\"lazy\" decoding=\"async\" width=\"150\" height=\"150\" src=\"https:\/\/basquetbegues.cat\/wp-content\/uploads\/2014\/11\/DSC05728-150x150.jpg\" class=\"attachment-thumbnail size-thumbnail\" alt=\"\" \/><\/a>\n\t\t\t<\/dt><\/dl><br style=\"clear: both\" \/><dl class='gallery-item'>\n\t\t\t<dt class='gallery-icon landscape'>\n\t\t\t\t<a href='https:\/\/basquetbegues.cat\/?attachment_id=957#main'><img loading=\"lazy\" decoding=\"async\" width=\"150\" height=\"150\" src=\"https:\/\/basquetbegues.cat\/wp-content\/uploads\/2014\/11\/DSC05729-150x150.jpg\" class=\"attachment-thumbnail size-thumbnail\" alt=\"\" \/><\/a>\n\t\t\t<\/dt><\/dl><dl class='gallery-item'>\n\t\t\t<dt class='gallery-icon landscape'>\n\t\t\t\t<a href='https:\/\/basquetbegues.cat\/?attachment_id=958#main'><img loading=\"lazy\" decoding=\"async\" width=\"150\" height=\"150\" src=\"https:\/\/basquetbegues.cat\/wp-content\/uploads\/2014\/11\/DSC05730-150x150.jpg\" class=\"attachment-thumbnail size-thumbnail\" alt=\"\" \/><\/a>\n\t\t\t<\/dt><\/dl><dl class='gallery-item'>\n\t\t\t<dt class='gallery-icon landscape'>\n\t\t\t\t<a href='https:\/\/basquetbegues.cat\/?attachment_id=959#main'><img loading=\"lazy\" decoding=\"async\" width=\"150\" height=\"150\" src=\"https:\/\/basquetbegues.cat\/wp-content\/uploads\/2014\/11\/DSC05731-150x150.jpg\" class=\"attachment-thumbnail size-thumbnail\" alt=\"\" \/><\/a>\n\t\t\t<\/dt><\/dl><br style=\"clear: both\" \/><dl class='gallery-item'>\n\t\t\t<dt class='gallery-icon landscape'>\n\t\t\t\t<a href='https:\/\/basquetbegues.cat\/?attachment_id=960#main'><img loading=\"lazy\" decoding=\"async\" width=\"150\" height=\"150\" src=\"https:\/\/basquetbegues.cat\/wp-content\/uploads\/2014\/11\/DSC05732-150x150.jpg\" class=\"attachment-thumbnail size-thumbnail\" alt=\"\" \/><\/a>\n\t\t\t<\/dt><\/dl><dl class='gallery-item'>\n\t\t\t<dt class='gallery-icon landscape'>\n\t\t\t\t<a href='https:\/\/basquetbegues.cat\/?attachment_id=961#main'><img loading=\"lazy\" decoding=\"async\" width=\"150\" height=\"150\" src=\"https:\/\/basquetbegues.cat\/wp-content\/uploads\/2014\/11\/DSC05733-150x150.jpg\" class=\"attachment-thumbnail size-thumbnail\" alt=\"\" \/><\/a>\n\t\t\t<\/dt><\/dl><dl class='gallery-item'>\n\t\t\t<dt class='gallery-icon landscape'>\n\t\t\t\t<a href='https:\/\/basquetbegues.cat\/?attachment_id=962#main'><img loading=\"lazy\" decoding=\"async\" width=\"150\" height=\"150\" src=\"https:\/\/basquetbegues.cat\/wp-content\/uploads\/2014\/11\/DSC05734-150x150.jpg\" class=\"attachment-thumbnail size-thumbnail\" alt=\"\" \/><\/a>\n\t\t\t<\/dt><\/dl><br style=\"clear: both\" \/><dl class='gallery-item'>\n\t\t\t<dt class='gallery-icon landscape'>\n\t\t\t\t<a href='https:\/\/basquetbegues.cat\/?attachment_id=965#main'><img loading=\"lazy\" decoding=\"async\" width=\"150\" height=\"150\" src=\"https:\/\/basquetbegues.cat\/wp-content\/uploads\/2014\/11\/DSC05738-150x150.jpg\" class=\"attachment-thumbnail size-thumbnail\" alt=\"\" \/><\/a>\n\t\t\t<\/dt><\/dl><dl class='gallery-item'>\n\t\t\t<dt class='gallery-icon landscape'>\n\t\t\t\t<a href='https:\/\/basquetbegues.cat\/?attachment_id=966#main'><img loading=\"lazy\" decoding=\"async\" width=\"150\" height=\"150\" src=\"https:\/\/basquetbegues.cat\/wp-content\/uploads\/2014\/11\/DSC05739-150x150.jpg\" class=\"attachment-thumbnail size-thumbnail\" alt=\"\" \/><\/a>\n\t\t\t<\/dt><\/dl><dl class='gallery-item'>\n\t\t\t<dt class='gallery-icon landscape'>\n\t\t\t\t<a href='https:\/\/basquetbegues.cat\/?attachment_id=967#main'><img loading=\"lazy\" decoding=\"async\" width=\"150\" height=\"150\" src=\"https:\/\/basquetbegues.cat\/wp-content\/uploads\/2014\/11\/DSC05740-150x150.jpg\" class=\"attachment-thumbnail size-thumbnail\" alt=\"\" \/><\/a>\n\t\t\t<\/dt><\/dl><br style=\"clear: both\" \/><dl class='gallery-item'>\n\t\t\t<dt class='gallery-icon landscape'>\n\t\t\t\t<a href='https:\/\/basquetbegues.cat\/?attachment_id=968#main'><img loading=\"lazy\" decoding=\"async\" width=\"150\" height=\"150\" src=\"https:\/\/basquetbegues.cat\/wp-content\/uploads\/2014\/11\/DSC05741-150x150.jpg\" class=\"attachment-thumbnail size-thumbnail\" alt=\"\" \/><\/a>\n\t\t\t<\/dt><\/dl><dl class='gallery-item'>\n\t\t\t<dt class='gallery-icon landscape'>\n\t\t\t\t<a href='https:\/\/basquetbegues.cat\/?attachment_id=974#main'><img loading=\"lazy\" decoding=\"async\" width=\"150\" height=\"150\" src=\"https:\/\/basquetbegues.cat\/wp-content\/uploads\/2014\/11\/DSC05747-150x150.jpg\" class=\"attachment-thumbnail size-thumbnail\" alt=\"\" \/><\/a>\n\t\t\t<\/dt><\/dl><dl class='gallery-item'>\n\t\t\t<dt class='gallery-icon landscape'>\n\t\t\t\t<a href='https:\/\/basquetbegues.cat\/?attachment_id=975#main'><img loading=\"lazy\" decoding=\"async\" width=\"150\" height=\"150\" src=\"https:\/\/basquetbegues.cat\/wp-content\/uploads\/2014\/11\/DSC05748-150x150.jpg\" class=\"attachment-thumbnail size-thumbnail\" alt=\"\" \/><\/a>\n\t\t\t<\/dt><\/dl><br style=\"clear: both\" \/><dl class='gallery-item'>\n\t\t\t<dt class='gallery-icon portrait'>\n\t\t\t\t<a href='https:\/\/basquetbegues.cat\/?attachment_id=976#main'><img loading=\"lazy\" decoding=\"async\" width=\"150\" height=\"150\" src=\"https:\/\/basquetbegues.cat\/wp-content\/uploads\/2014\/11\/DSC05749-150x150.jpg\" class=\"attachment-thumbnail size-thumbnail\" alt=\"\" \/><\/a>\n\t\t\t<\/dt><\/dl><dl class='gallery-item'>\n\t\t\t<dt class='gallery-icon landscape'>\n\t\t\t\t<a href='https:\/\/basquetbegues.cat\/?attachment_id=977#main'><img loading=\"lazy\" decoding=\"async\" width=\"150\" height=\"150\" src=\"https:\/\/basquetbegues.cat\/wp-content\/uploads\/2014\/11\/DSC05750-150x150.jpg\" class=\"attachment-thumbnail size-thumbnail\" alt=\"\" \/><\/a>\n\t\t\t<\/dt><\/dl>\n\t\t\t<br style='clear: both' \/>\n\t\t<\/div>\n\n\n","protected":false},"excerpt":{"rendered":"","protected":false},"author":2,"featured_media":0,"parent":31,"menu_order":6,"comment_status":"closed","ping_status":"closed","template":"full-width.php","meta":{"_mi_skip_tracking":false,"ngg_post_thumbnail":0,"footnotes":""},"yoast_head":"<!-- This site is optimized with the Yoast SEO plugin v18.3 - https:\/\/yoast.com\/wordpress\/plugins\/seo\/ -->\n<title>Inaguraci\u00f3 Pavell\u00f3 Jaume Vi\u00f1as Pi (26\/11\/2005) - Club Basquet Begues<\/title>\n<meta name=\"robots\" content=\"index, follow, max-snippet:-1, max-image-preview:large, max-video-preview:-1\" \/>\n<link rel=\"canonical\" href=\"https:\/\/basquetbegues.cat\/?page_id=705\" \/>\n<meta property=\"og:locale\" content=\"es_ES\" \/>\n<meta property=\"og:type\" content=\"article\" \/>\n<meta property=\"og:title\" content=\"Inaguraci\u00f3 Pavell\u00f3 Jaume Vi\u00f1as Pi (26\/11\/2005) - Club Basquet Begues\" \/>\n<meta property=\"og:url\" content=\"https:\/\/basquetbegues.cat\/?page_id=705\" \/>\n<meta property=\"og:site_name\" content=\"Club Basquet Begues\" \/>\n<meta property=\"article:modified_time\" content=\"2016-08-19T09:32:13+00:00\" \/>\n<meta property=\"og:image\" content=\"https:\/\/basquetbegues.cat\/wp-content\/uploads\/2014\/11\/DSC05745-150x150.jpg\" \/>\n<meta name=\"twitter:card\" content=\"summary_large_image\" \/>\n<script type=\"application\/ld+json\" class=\"yoast-schema-graph\">{\"@context\":\"https:\/\/schema.org\",\"@graph\":[{\"@type\":\"Organization\",\"@id\":\"https:\/\/basquetbegues.cat\/#organization\",\"name\":\"Club Basquet Begues\",\"url\":\"https:\/\/basquetbegues.cat\/\",\"sameAs\":[],\"logo\":{\"@type\":\"ImageObject\",\"@id\":\"https:\/\/basquetbegues.cat\/#logo\",\"inLanguage\":\"es\",\"url\":\"https:\/\/basquetbegues.cat\/wp-content\/uploads\/2019\/07\/cropped-imatge-capcelera.png\",\"contentUrl\":\"https:\/\/basquetbegues.cat\/wp-content\/uploads\/2019\/07\/cropped-imatge-capcelera.png\",\"width\":960,\"height\":736,\"caption\":\"Club Basquet Begues\"},\"image\":{\"@id\":\"https:\/\/basquetbegues.cat\/#logo\"}},{\"@type\":\"WebSite\",\"@id\":\"https:\/\/basquetbegues.cat\/#website\",\"url\":\"https:\/\/basquetbegues.cat\/\",\"name\":\"Club Basquet Begues\",\"description\":\"La suma de tots \u00e9s m\u00e9s que molts.\",\"publisher\":{\"@id\":\"https:\/\/basquetbegues.cat\/#organization\"},\"potentialAction\":[{\"@type\":\"SearchAction\",\"target\":{\"@type\":\"EntryPoint\",\"urlTemplate\":\"https:\/\/basquetbegues.cat\/?s={search_term_string}\"},\"query-input\":\"required name=search_term_string\"}],\"inLanguage\":\"es\"},{\"@type\":\"WebPage\",\"@id\":\"https:\/\/basquetbegues.cat\/?page_id=705#webpage\",\"url\":\"https:\/\/basquetbegues.cat\/?page_id=705\",\"name\":\"Inaguraci\u00f3 Pavell\u00f3 Jaume Vi\u00f1as Pi (26\/11\/2005) - Club Basquet Begues\",\"isPartOf\":{\"@id\":\"https:\/\/basquetbegues.cat\/#website\"},\"datePublished\":\"2014-11-24T18:53:07+00:00\",\"dateModified\":\"2016-08-19T09:32:13+00:00\",\"breadcrumb\":{\"@id\":\"https:\/\/basquetbegues.cat\/?page_id=705#breadcrumb\"},\"inLanguage\":\"es\",\"potentialAction\":[{\"@type\":\"ReadAction\",\"target\":[\"https:\/\/basquetbegues.cat\/?page_id=705\"]}]},{\"@type\":\"BreadcrumbList\",\"@id\":\"https:\/\/basquetbegues.cat\/?page_id=705#breadcrumb\",\"itemListElement\":[{\"@type\":\"ListItem\",\"position\":1,\"name\":\"Inici\",\"item\":\"https:\/\/basquetbegues.cat\/\"},{\"@type\":\"ListItem\",\"position\":2,\"name\":\"Galeria\",\"item\":\"https:\/\/basquetbegues.cat\/?page_id=31\"},{\"@type\":\"ListItem\",\"position\":3,\"name\":\"Inaguraci\u00f3 Pavell\u00f3 Jaume Vi\u00f1as Pi (26\/11\/2005)\"}]}]}<\/script>\n<!-- \/ Yoast SEO plugin. -->","yoast_head_json":{"title":"Inaguraci\u00f3 Pavell\u00f3 Jaume Vi\u00f1as Pi (26\/11\/2005) - Club Basquet Begues","robots":{"index":"index","follow":"follow","max-snippet":"max-snippet:-1","max-image-preview":"max-image-preview:large","max-video-preview":"max-video-preview:-1"},"canonical":"https:\/\/basquetbegues.cat\/?page_id=705","og_locale":"es_ES","og_type":"article","og_title":"Inaguraci\u00f3 Pavell\u00f3 Jaume Vi\u00f1as Pi (26\/11\/2005) - Club Basquet Begues","og_url":"https:\/\/basquetbegues.cat\/?page_id=705","og_site_name":"Club Basquet Begues","article_modified_time":"2016-08-19T09:32:13+00:00","og_image":[{"url":"https:\/\/basquetbegues.cat\/wp-content\/uploads\/2014\/11\/DSC05745-150x150.jpg"}],"twitter_card":"summary_large_image","schema":{"@context":"https:\/\/schema.org","@graph":[{"@type":"Organization","@id":"https:\/\/basquetbegues.cat\/#organization","name":"Club Basquet Begues","url":"https:\/\/basquetbegues.cat\/","sameAs":[],"logo":{"@type":"ImageObject","@id":"https:\/\/basquetbegues.cat\/#logo","inLanguage":"es","url":"https:\/\/basquetbegues.cat\/wp-content\/uploads\/2019\/07\/cropped-imatge-capcelera.png","contentUrl":"https:\/\/basquetbegues.cat\/wp-content\/uploads\/2019\/07\/cropped-imatge-capcelera.png","width":960,"height":736,"caption":"Club Basquet Begues"},"image":{"@id":"https:\/\/basquetbegues.cat\/#logo"}},{"@type":"WebSite","@id":"https:\/\/basquetbegues.cat\/#website","url":"https:\/\/basquetbegues.cat\/","name":"Club Basquet Begues","description":"La suma de tots \u00e9s m\u00e9s que molts.","publisher":{"@id":"https:\/\/basquetbegues.cat\/#organization"},"potentialAction":[{"@type":"SearchAction","target":{"@type":"EntryPoint","urlTemplate":"https:\/\/basquetbegues.cat\/?s={search_term_string}"},"query-input":"required name=search_term_string"}],"inLanguage":"es"},{"@type":"WebPage","@id":"https:\/\/basquetbegues.cat\/?page_id=705#webpage","url":"https:\/\/basquetbegues.cat\/?page_id=705","name":"Inaguraci\u00f3 Pavell\u00f3 Jaume Vi\u00f1as Pi (26\/11\/2005) - Club Basquet Begues","isPartOf":{"@id":"https:\/\/basquetbegues.cat\/#website"},"datePublished":"2014-11-24T18:53:07+00:00","dateModified":"2016-08-19T09:32:13+00:00","breadcrumb":{"@id":"https:\/\/basquetbegues.cat\/?page_id=705#breadcrumb"},"inLanguage":"es","potentialAction":[{"@type":"ReadAction","target":["https:\/\/basquetbegues.cat\/?page_id=705"]}]},{"@type":"BreadcrumbList","@id":"https:\/\/basquetbegues.cat\/?page_id=705#breadcrumb","itemListElement":[{"@type":"ListItem","position":1,"name":"Inici","item":"https:\/\/basquetbegues.cat\/"},{"@type":"ListItem","position":2,"name":"Galeria","item":"https:\/\/basquetbegues.cat\/?page_id=31"},{"@type":"ListItem","position":3,"name":"Inaguraci\u00f3 Pavell\u00f3 Jaume Vi\u00f1as Pi (26\/11\/2005)"}]}]}},"_links":{"self":[{"href":"https:\/\/basquetbegues.cat\/index.php?rest_route=\/wp\/v2\/pages\/705"}],"collection":[{"href":"https:\/\/basquetbegues.cat\/index.php?rest_route=\/wp\/v2\/pages"}],"about":[{"href":"https:\/\/basquetbegues.cat\/index.php?rest_route=\/wp\/v2\/types\/page"}],"author":[{"embeddable":true,"href":"https:\/\/basquetbegues.cat\/index.php?rest_route=\/wp\/v2\/users\/2"}],"replies":[{"embeddable":true,"href":"https:\/\/basquetbegues.cat\/index.php?rest_route=%2Fwp%2Fv2%2Fcomments&post=705"}],"version-history":[{"count":3,"href":"https:\/\/basquetbegues.cat\/index.php?rest_route=\/wp\/v2\/pages\/705\/revisions"}],"predecessor-version":[{"id":979,"href":"https:\/\/basquetbegues.cat\/index.php?rest_route=\/wp\/v2\/pages\/705\/revisions\/979"}],"up":[{"embeddable":true,"href":"https:\/\/basquetbegues.cat\/index.php?rest_route=\/wp\/v2\/pages\/31"}],"wp:attachment":[{"href":"https:\/\/basquetbegues.cat\/index.php?rest_route=%2Fwp%2Fv2%2Fmedia&parent=705"}],"curies":[{"name":"wp","href":"https:\/\/api.w.org\/{rel}","templated":true}]}}