{"id":9775,"date":"2020-04-16T21:11:11","date_gmt":"2020-04-16T19:11:11","guid":{"rendered":"https:\/\/basquetbegues.cat\/?page_id=9775"},"modified":"2020-04-17T13:11:09","modified_gmt":"2020-04-17T11:11:09","slug":"activitats-socials","status":"publish","type":"page","link":"https:\/\/basquetbegues.cat\/?page_id=9775","title":{"rendered":"Activitats socials"},"content":{"rendered":"\n<p class=\"has-medium-font-size\"><strong>PRESENTACIONS<\/strong><\/p>\n\n\n\n<ul class=\"lcp_catlist\" id=\"lcp_instance_0\"><li><a href=\"https:\/\/basquetbegues.cat\/?p=6028\" title=\"V\u00eddeo presentaci\u00f3 temporada 2019\/20\">V\u00eddeo presentaci\u00f3 temporada 2019\/20<\/a><\/li><li><a href=\"https:\/\/basquetbegues.cat\/?p=5932\" title=\"Acte presentaci\u00f3 temporada 2019\/20\">Acte presentaci\u00f3 temporada 2019\/20<\/a><\/li><li><a href=\"https:\/\/basquetbegues.cat\/?p=5715\" title=\"PRESENTACI\u00d3 EQUIPS TEMPORADA 2019\/20\">PRESENTACI\u00d3 EQUIPS TEMPORADA 2019\/20<\/a><\/li><li><a href=\"https:\/\/basquetbegues.cat\/?p=3928\" title=\"TEMPORADA 2019\/2020\">TEMPORADA 2019\/2020<\/a><\/li><li><a href=\"https:\/\/basquetbegues.cat\/?p=2462\" title=\"Comen\u00e7ament Temporada 17\/18\">Comen\u00e7ament Temporada 17\/18<\/a><\/li><li><a href=\"https:\/\/basquetbegues.cat\/?p=2452\" title=\"Fi de Temporada 2016-2017\">Fi de Temporada 2016-2017<\/a><\/li><li><a href=\"https:\/\/basquetbegues.cat\/?p=2278\" title=\"Presentaci\u00f3 Equips 2016-2017\">Presentaci\u00f3 Equips 2016-2017<\/a><\/li><li><a href=\"https:\/\/basquetbegues.cat\/?p=2184\" title=\"El B\u00c0SQUET BEGUES arrenca motors!!!\">El B\u00c0SQUET BEGUES arrenca motors!!!<\/a><\/li><li><a href=\"https:\/\/basquetbegues.cat\/?p=2137\" title=\"PRESENTACI\u00d3 OFICIAL NOVA EQUIPACI\u00d3\">PRESENTACI\u00d3 OFICIAL NOVA EQUIPACI\u00d3<\/a><\/li><li><a href=\"https:\/\/basquetbegues.cat\/?p=2134\" title=\"Carta Final Temporada 2015-2016\">Carta Final Temporada 2015-2016<\/a><\/li><li><a href=\"https:\/\/basquetbegues.cat\/?p=1519\" title=\"Carta inici de Temporada\">Carta inici de Temporada<\/a><\/li><li><a href=\"https:\/\/basquetbegues.cat\/?p=1396\" title=\"Documents a entregar a principi de temporada!\">Documents a entregar a principi de temporada!<\/a><\/li><li><a href=\"https:\/\/basquetbegues.cat\/?p=1380\" title=\"Calendari Entrenos Temp. 2015 &#8211; 2016\">Calendari Entrenos Temp. 2015 &#8211; 2016<\/a><\/li><li><a href=\"https:\/\/basquetbegues.cat\/?p=1324\" title=\"CLOENDA FINAL DE TEMPORADA 14\/15\">CLOENDA FINAL DE TEMPORADA 14\/15<\/a><\/li><li><a href=\"https:\/\/basquetbegues.cat\/?p=1164\" title=\"Agra\u00efments Presentaci\u00f3 C.B.Begues Temp. 2014-2015\">Agra\u00efments Presentaci\u00f3 C.B.Begues Temp. 2014-2015<\/a><\/li><li><a href=\"https:\/\/basquetbegues.cat\/?p=763\" title=\"Presentaci\u00f3 TEMP.2014-2015 del Club de B\u00e0squet Begues\">Presentaci\u00f3 TEMP.2014-2015 del Club de B\u00e0squet Begues<\/a><\/li><\/ul>\n\n\n\n<p class=\"has-medium-font-size\"><strong>INICIATIVES<\/strong><\/p>\n\n\n\n<ul class=\"lcp_catlist\" id=\"lcp_instance_0\"><li><a href=\"https:\/\/basquetbegues.cat\/?p=10438\" title=\"Iniciatives nadalenques\">Iniciatives nadalenques<\/a><\/li><li><a href=\"https:\/\/basquetbegues.cat\/?p=10375\" title=\"XIII Mostra d&#8217;entitats\">XIII Mostra d&#8217;entitats<\/a><\/li><li><a href=\"https:\/\/basquetbegues.cat\/?p=8958\" title=\"8 de Mar\u00e7 &#8211; Dia Internacional de la dona\">8 de Mar\u00e7 &#8211; Dia Internacional de la dona<\/a><\/li><li><a href=\"https:\/\/basquetbegues.cat\/?p=2591\" title=\"NOVA ESCOLA MULTIESPORT\">NOVA ESCOLA MULTIESPORT<\/a><\/li><li><a href=\"https:\/\/basquetbegues.cat\/?p=2554\" title=\"FESTA 40ANYS D&#8217;HIST\u00d2RIA\">FESTA 40ANYS D&#8217;HIST\u00d2RIA<\/a><\/li><li><a href=\"https:\/\/basquetbegues.cat\/?p=2535\" title=\"GRAN FESTA DELS #40ANYS D\u2019HIST\u00d2RIA DEL CLUB DE B\u00c0SQUET BEGUES\">GRAN FESTA DELS #40ANYS D\u2019HIST\u00d2RIA DEL CLUB DE B\u00c0SQUET BEGUES<\/a><\/li><li><a href=\"https:\/\/basquetbegues.cat\/?p=2509\" title=\"Carnestoltes &#8211; 40 Aniversari\">Carnestoltes &#8211; 40 Aniversari<\/a><\/li><li><a href=\"https:\/\/basquetbegues.cat\/?p=2469\" title=\"X Mostra d&#8217;Entitats i nou logo per celebrar el 40 Aniversari!\">X Mostra d&#8217;Entitats i nou logo per celebrar el 40 Aniversari!<\/a><\/li><li><a href=\"https:\/\/basquetbegues.cat\/?p=2426\" title=\"Jornada Familiar\">Jornada Familiar<\/a><\/li><li><a href=\"https:\/\/basquetbegues.cat\/?p=2381\" title=\"Carnestoltes al C.B.Begues!\">Carnestoltes al C.B.Begues!<\/a><\/li><li><a href=\"https:\/\/basquetbegues.cat\/?p=2365\" title=\"#johipertanyo\">#johipertanyo<\/a><\/li><li><a href=\"https:\/\/basquetbegues.cat\/?p=2259\" title=\"B\u00c0SQUET &#038; FAMILY\">B\u00c0SQUET &#038; FAMILY<\/a><\/li><li><a href=\"https:\/\/basquetbegues.cat\/?p=2244\" title=\"Diumenge al Palau!\">Diumenge al Palau!<\/a><\/li><li><a href=\"https:\/\/basquetbegues.cat\/?p=2188\" title=\"CAP DE SETMANA PLE DE B\u00c0SQUET!\">CAP DE SETMANA PLE DE B\u00c0SQUET!<\/a><\/li><li><a href=\"https:\/\/basquetbegues.cat\/?p=1877\" title=\"DIA INTERNACIONAL DE LA DONA\">DIA INTERNACIONAL DE LA DONA<\/a><\/li><li><a href=\"https:\/\/basquetbegues.cat\/?p=1864\" title=\"Nova iniciativa: L&#8217;APADRINAMENT\">Nova iniciativa: L&#8217;APADRINAMENT<\/a><\/li><li><a href=\"https:\/\/basquetbegues.cat\/?p=1830\" title=\"40 ANYS C.B.Begues\">40 ANYS C.B.Begues<\/a><\/li><li><a href=\"https:\/\/basquetbegues.cat\/?p=1722\" title=\"Recapte d&#8217;aliments: Tot un \u00e8xit!\">Recapte d&#8217;aliments: Tot un \u00e8xit!<\/a><\/li><li><a href=\"https:\/\/basquetbegues.cat\/?p=1710\" title=\"Dia Internacional per l&#8217;eliminaci\u00f3 de la Viol\u00e8ncia de G\u00e8nere\">Dia Internacional per l&#8217;eliminaci\u00f3 de la Viol\u00e8ncia de G\u00e8nere<\/a><\/li><li><a href=\"https:\/\/basquetbegues.cat\/?p=1697\" title=\"EL GRAN RECAPTE D&#8217;ALIMENTS\">EL GRAN RECAPTE D&#8217;ALIMENTS<\/a><\/li><li><a href=\"https:\/\/basquetbegues.cat\/?p=1566\" title=\"L&#8217;ETERN SOMRIURE\">L&#8217;ETERN SOMRIURE<\/a><\/li><li><a href=\"https:\/\/basquetbegues.cat\/?p=22\" title=\"Loteria de Nadal\">Loteria de Nadal<\/a><\/li><\/ul>\n\n\n\n<p class=\"has-medium-font-size\"><strong>CAMPUS<\/strong><\/p>\n\n\n\n<ul class=\"lcp_catlist\" id=\"lcp_instance_0\"><li><a href=\"https:\/\/basquetbegues.cat\/?p=10474\" title=\"Casal d&#8217;Estiu 2021\">Casal d&#8217;Estiu 2021<\/a><\/li><li><a href=\"https:\/\/basquetbegues.cat\/?p=9933\" title=\"Enquesta Campus\">Enquesta Campus<\/a><\/li><li><a href=\"https:\/\/basquetbegues.cat\/?p=2567\" title=\"CAMPUS ESTIU 2019\">CAMPUS ESTIU 2019<\/a><\/li><li><a href=\"https:\/\/basquetbegues.cat\/?p=2444\" title=\"CAMPUS ESTIU 2017\">CAMPUS ESTIU 2017<\/a><\/li><li><a href=\"https:\/\/basquetbegues.cat\/?p=2410\" title=\"Sondeig Campus Estiu 2017\">Sondeig Campus Estiu 2017<\/a><\/li><li><a href=\"https:\/\/basquetbegues.cat\/?p=2011\" title=\"Sondeig Campus Estiu 2016\">Sondeig Campus Estiu 2016<\/a><\/li><li><a href=\"https:\/\/basquetbegues.cat\/?p=1995\" title=\"CAMPUS D&#8217;ESTIU 2016\">CAMPUS D&#8217;ESTIU 2016<\/a><\/li><\/ul>\n\n\n\n<p class=\"has-medium-font-size\"><strong>COVID<\/strong><\/p>\n\n\n\n<ul class=\"lcp_catlist\" id=\"lcp_instance_0\"><li><a href=\"https:\/\/basquetbegues.cat\/?p=10433\" title=\"Comunicat de situaci\u00f3\">Comunicat de situaci\u00f3<\/a><\/li><li><a href=\"https:\/\/basquetbegues.cat\/?p=10256\" title=\"Protocol de seguretat i higiene\">Protocol de seguretat i higiene<\/a><\/li><li><a href=\"https:\/\/basquetbegues.cat\/?p=10018\" title=\"Agenda setmanal\">Agenda setmanal<\/a><\/li><li><a href=\"https:\/\/basquetbegues.cat\/?p=10004\" title=\"Entrenament especial i entrevista amb \u00d2scar Trigo\">Entrenament especial i entrevista amb \u00d2scar Trigo<\/a><\/li><li><a href=\"https:\/\/basquetbegues.cat\/?p=9997\" title=\"Programaci\u00f3 setmanal\">Programaci\u00f3 setmanal<\/a><\/li><li><a href=\"https:\/\/basquetbegues.cat\/?p=9974\" title=\"Comunicat Fi de temporada\">Comunicat Fi de temporada<\/a><\/li><li><a href=\"https:\/\/basquetbegues.cat\/?p=9867\" title=\"Feli\u00e7 Diada de Sant Jordi\">Feli\u00e7 Diada de Sant Jordi<\/a><\/li><li><a href=\"https:\/\/basquetbegues.cat\/?p=9846\" title=\"Comunicat Junta\">Comunicat Junta<\/a><\/li><li><a href=\"https:\/\/basquetbegues.cat\/?p=9822\" title=\"Challenge de ball. Control de pilota\">Challenge de ball. Control de pilota<\/a><\/li><li><a href=\"https:\/\/basquetbegues.cat\/?p=9804\" title=\"Hist\u00f2ria del b\u00e0squet. El tir de cullera\">Hist\u00f2ria del b\u00e0squet. El tir de cullera<\/a><\/li><li><a href=\"https:\/\/basquetbegues.cat\/?p=9727\" title=\"Comunicat Junta CB Begues\">Comunicat Junta CB Begues<\/a><\/li><li><a href=\"https:\/\/basquetbegues.cat\/?p=9519\" title=\"Comunicat FCBQ\">Comunicat FCBQ<\/a><\/li><li><a href=\"https:\/\/basquetbegues.cat\/?p=9336\" title=\"D\u00eda 6 &#8211; #joemquedoacasa\">D\u00eda 6 &#8211; #joemquedoacasa<\/a><\/li><li><a href=\"https:\/\/basquetbegues.cat\/?p=9308\" title=\"Dia 5 &#8211; #joemquedoacasa\">Dia 5 &#8211; #joemquedoacasa<\/a><\/li><li><a href=\"https:\/\/basquetbegues.cat\/?p=9283\" title=\"Dia 4 &#8211; #joemquedoacasa\">Dia 4 &#8211; #joemquedoacasa<\/a><\/li><li><a href=\"https:\/\/basquetbegues.cat\/?p=9260\" title=\"Dia 3 \u2013 #joentrenoacasa\">Dia 3 \u2013 #joentrenoacasa<\/a><\/li><li><a href=\"https:\/\/basquetbegues.cat\/?p=9233\" title=\"Dia 2 &#8211;   #joentrenoacasa\">Dia 2 &#8211;   #joentrenoacasa<\/a><\/li><li><a href=\"https:\/\/basquetbegues.cat\/?p=9205\" title=\"Dia 1 &#8211; Exercicis #joentrenoacasa\">Dia 1 &#8211; Exercicis #joentrenoacasa<\/a><\/li><li><a href=\"https:\/\/basquetbegues.cat\/?p=9118\" title=\"Comunicat Coronavirus\">Comunicat Coronavirus<\/a><\/li><\/ul>\n\n\n\n<p> <\/p>\n","protected":false},"excerpt":{"rendered":"<p>PRESENTACIONS INICIATIVES CAMPUS COVID<\/p>\n","protected":false},"author":1,"featured_media":0,"parent":4180,"menu_order":0,"comment_status":"closed","ping_status":"closed","template":"","meta":{"_mi_skip_tracking":false,"ngg_post_thumbnail":0,"footnotes":""},"yoast_head":"<!-- This site is optimized with the Yoast SEO plugin v18.3 - https:\/\/yoast.com\/wordpress\/plugins\/seo\/ -->\n<title>Activitats socials - Club Basquet Begues<\/title>\n<meta name=\"robots\" content=\"index, follow, max-snippet:-1, max-image-preview:large, max-video-preview:-1\" \/>\n<link rel=\"canonical\" href=\"https:\/\/basquetbegues.cat\/?page_id=9775\" \/>\n<meta property=\"og:locale\" content=\"es_ES\" \/>\n<meta property=\"og:type\" content=\"article\" \/>\n<meta property=\"og:title\" content=\"Activitats socials - Club Basquet Begues\" \/>\n<meta property=\"og:description\" content=\"PRESENTACIONS INICIATIVES CAMPUS COVID\" \/>\n<meta property=\"og:url\" content=\"https:\/\/basquetbegues.cat\/?page_id=9775\" \/>\n<meta property=\"og:site_name\" content=\"Club Basquet Begues\" \/>\n<meta property=\"article:modified_time\" content=\"2020-04-17T11:11:09+00:00\" \/>\n<meta name=\"twitter:card\" content=\"summary_large_image\" \/>\n<script type=\"application\/ld+json\" class=\"yoast-schema-graph\">{\"@context\":\"https:\/\/schema.org\",\"@graph\":[{\"@type\":\"Organization\",\"@id\":\"https:\/\/basquetbegues.cat\/#organization\",\"name\":\"Club Basquet Begues\",\"url\":\"https:\/\/basquetbegues.cat\/\",\"sameAs\":[],\"logo\":{\"@type\":\"ImageObject\",\"@id\":\"https:\/\/basquetbegues.cat\/#logo\",\"inLanguage\":\"es\",\"url\":\"https:\/\/basquetbegues.cat\/wp-content\/uploads\/2019\/07\/cropped-imatge-capcelera.png\",\"contentUrl\":\"https:\/\/basquetbegues.cat\/wp-content\/uploads\/2019\/07\/cropped-imatge-capcelera.png\",\"width\":960,\"height\":736,\"caption\":\"Club Basquet Begues\"},\"image\":{\"@id\":\"https:\/\/basquetbegues.cat\/#logo\"}},{\"@type\":\"WebSite\",\"@id\":\"https:\/\/basquetbegues.cat\/#website\",\"url\":\"https:\/\/basquetbegues.cat\/\",\"name\":\"Club Basquet Begues\",\"description\":\"La suma de tots \u00e9s m\u00e9s que molts.\",\"publisher\":{\"@id\":\"https:\/\/basquetbegues.cat\/#organization\"},\"potentialAction\":[{\"@type\":\"SearchAction\",\"target\":{\"@type\":\"EntryPoint\",\"urlTemplate\":\"https:\/\/basquetbegues.cat\/?s={search_term_string}\"},\"query-input\":\"required name=search_term_string\"}],\"inLanguage\":\"es\"},{\"@type\":\"WebPage\",\"@id\":\"https:\/\/basquetbegues.cat\/?page_id=9775#webpage\",\"url\":\"https:\/\/basquetbegues.cat\/?page_id=9775\",\"name\":\"Activitats socials - Club Basquet Begues\",\"isPartOf\":{\"@id\":\"https:\/\/basquetbegues.cat\/#website\"},\"datePublished\":\"2020-04-16T19:11:11+00:00\",\"dateModified\":\"2020-04-17T11:11:09+00:00\",\"breadcrumb\":{\"@id\":\"https:\/\/basquetbegues.cat\/?page_id=9775#breadcrumb\"},\"inLanguage\":\"es\",\"potentialAction\":[{\"@type\":\"ReadAction\",\"target\":[\"https:\/\/basquetbegues.cat\/?page_id=9775\"]}]},{\"@type\":\"BreadcrumbList\",\"@id\":\"https:\/\/basquetbegues.cat\/?page_id=9775#breadcrumb\",\"itemListElement\":[{\"@type\":\"ListItem\",\"position\":1,\"name\":\"Inici\",\"item\":\"https:\/\/basquetbegues.cat\/\"},{\"@type\":\"ListItem\",\"position\":2,\"name\":\"\u00c0rea social\",\"item\":\"https:\/\/basquetbegues.cat\/?page_id=4180\"},{\"@type\":\"ListItem\",\"position\":3,\"name\":\"Activitats socials\"}]}]}<\/script>\n<!-- \/ Yoast SEO plugin. -->","yoast_head_json":{"title":"Activitats socials - Club Basquet Begues","robots":{"index":"index","follow":"follow","max-snippet":"max-snippet:-1","max-image-preview":"max-image-preview:large","max-video-preview":"max-video-preview:-1"},"canonical":"https:\/\/basquetbegues.cat\/?page_id=9775","og_locale":"es_ES","og_type":"article","og_title":"Activitats socials - Club Basquet Begues","og_description":"PRESENTACIONS INICIATIVES CAMPUS COVID","og_url":"https:\/\/basquetbegues.cat\/?page_id=9775","og_site_name":"Club Basquet Begues","article_modified_time":"2020-04-17T11:11:09+00:00","twitter_card":"summary_large_image","schema":{"@context":"https:\/\/schema.org","@graph":[{"@type":"Organization","@id":"https:\/\/basquetbegues.cat\/#organization","name":"Club Basquet Begues","url":"https:\/\/basquetbegues.cat\/","sameAs":[],"logo":{"@type":"ImageObject","@id":"https:\/\/basquetbegues.cat\/#logo","inLanguage":"es","url":"https:\/\/basquetbegues.cat\/wp-content\/uploads\/2019\/07\/cropped-imatge-capcelera.png","contentUrl":"https:\/\/basquetbegues.cat\/wp-content\/uploads\/2019\/07\/cropped-imatge-capcelera.png","width":960,"height":736,"caption":"Club Basquet Begues"},"image":{"@id":"https:\/\/basquetbegues.cat\/#logo"}},{"@type":"WebSite","@id":"https:\/\/basquetbegues.cat\/#website","url":"https:\/\/basquetbegues.cat\/","name":"Club Basquet Begues","description":"La suma de tots \u00e9s m\u00e9s que molts.","publisher":{"@id":"https:\/\/basquetbegues.cat\/#organization"},"potentialAction":[{"@type":"SearchAction","target":{"@type":"EntryPoint","urlTemplate":"https:\/\/basquetbegues.cat\/?s={search_term_string}"},"query-input":"required name=search_term_string"}],"inLanguage":"es"},{"@type":"WebPage","@id":"https:\/\/basquetbegues.cat\/?page_id=9775#webpage","url":"https:\/\/basquetbegues.cat\/?page_id=9775","name":"Activitats socials - Club Basquet Begues","isPartOf":{"@id":"https:\/\/basquetbegues.cat\/#website"},"datePublished":"2020-04-16T19:11:11+00:00","dateModified":"2020-04-17T11:11:09+00:00","breadcrumb":{"@id":"https:\/\/basquetbegues.cat\/?page_id=9775#breadcrumb"},"inLanguage":"es","potentialAction":[{"@type":"ReadAction","target":["https:\/\/basquetbegues.cat\/?page_id=9775"]}]},{"@type":"BreadcrumbList","@id":"https:\/\/basquetbegues.cat\/?page_id=9775#breadcrumb","itemListElement":[{"@type":"ListItem","position":1,"name":"Inici","item":"https:\/\/basquetbegues.cat\/"},{"@type":"ListItem","position":2,"name":"\u00c0rea social","item":"https:\/\/basquetbegues.cat\/?page_id=4180"},{"@type":"ListItem","position":3,"name":"Activitats socials"}]}]}},"_links":{"self":[{"href":"https:\/\/basquetbegues.cat\/index.php?rest_route=\/wp\/v2\/pages\/9775"}],"collection":[{"href":"https:\/\/basquetbegues.cat\/index.php?rest_route=\/wp\/v2\/pages"}],"about":[{"href":"https:\/\/basquetbegues.cat\/index.php?rest_route=\/wp\/v2\/types\/page"}],"author":[{"embeddable":true,"href":"https:\/\/basquetbegues.cat\/index.php?rest_route=\/wp\/v2\/users\/1"}],"replies":[{"embeddable":true,"href":"https:\/\/basquetbegues.cat\/index.php?rest_route=%2Fwp%2Fv2%2Fcomments&post=9775"}],"version-history":[{"count":11,"href":"https:\/\/basquetbegues.cat\/index.php?rest_route=\/wp\/v2\/pages\/9775\/revisions"}],"predecessor-version":[{"id":9802,"href":"https:\/\/basquetbegues.cat\/index.php?rest_route=\/wp\/v2\/pages\/9775\/revisions\/9802"}],"up":[{"embeddable":true,"href":"https:\/\/basquetbegues.cat\/index.php?rest_route=\/wp\/v2\/pages\/4180"}],"wp:attachment":[{"href":"https:\/\/basquetbegues.cat\/index.php?rest_route=%2Fwp%2Fv2%2Fmedia&parent=9775"}],"curies":[{"name":"wp","href":"https:\/\/api.w.org\/{rel}","templated":true}]}}